{"id":1019,"date":"2025-09-08T11:49:43","date_gmt":"2025-09-08T16:49:43","guid":{"rendered":"https:\/\/siempreenclase.cundinamarca.gov.co\/secsuperior\/?page_id=1019"},"modified":"2025-11-25T11:05:57","modified_gmt":"2025-11-25T16:05:57","slug":"convocatorias","status":"publish","type":"page","link":"https:\/\/siempreenclase.cundinamarca.gov.co\/secsuperior\/fondos-y-alianzas\/convocatorias\/","title":{"rendered":"Convocatorias"},"content":{"rendered":"\t\t<div data-elementor-type=\"wp-page\" data-elementor-id=\"1019\" class=\"elementor elementor-1019\" data-elementor-post-type=\"page\">\n\t\t\t\t<div class=\"elementor-element elementor-element-b21fe28 e-flex e-con-boxed e-con e-parent\" data-id=\"b21fe28\" data-element_type=\"container\" data-e-type=\"container\" data-settings=\"{&quot;background_background&quot;:&quot;slideshow&quot;,&quot;background_slideshow_gallery&quot;:[{&quot;id&quot;:49,&quot;url&quot;:&quot;https:\\\/\\\/siempreenclase.cundinamarca.gov.co\\\/secsuperior\\\/wp-content\\\/uploads\\\/2025\\\/05\\\/Image-3.jpg&quot;},{&quot;id&quot;:48,&quot;url&quot;:&quot;https:\\\/\\\/siempreenclase.cundinamarca.gov.co\\\/secsuperior\\\/wp-content\\\/uploads\\\/2025\\\/05\\\/Image-1.jpg&quot;},{&quot;id&quot;:47,&quot;url&quot;:&quot;https:\\\/\\\/siempreenclase.cundinamarca.gov.co\\\/secsuperior\\\/wp-content\\\/uploads\\\/2025\\\/05\\\/Nin\\u2560aos-Sec-Educacion-30-scaled-1.jpg&quot;}],&quot;background_slideshow_ken_burns&quot;:&quot;yes&quot;,&quot;background_slideshow_loop&quot;:&quot;yes&quot;,&quot;background_slideshow_slide_duration&quot;:5000,&quot;background_slideshow_slide_transition&quot;:&quot;fade&quot;,&quot;background_slideshow_transition_duration&quot;:500,&quot;background_slideshow_ken_burns_zoom_direction&quot;:&quot;in&quot;}\">\n\t\t\t\t\t<div class=\"e-con-inner\">\n\t\t<div class=\"elementor-element elementor-element-b23d304 e-con-full e-flex elementor-invisible e-con e-child\" data-id=\"b23d304\" data-element_type=\"container\" data-e-type=\"container\" data-settings=\"{&quot;animation&quot;:&quot;fadeInUp&quot;}\">\n\t\t\t\t<div class=\"elementor-element elementor-element-3ba4747 elementor-widget elementor-widget-heading\" data-id=\"3ba4747\" data-element_type=\"widget\" data-e-type=\"widget\" data-widget_type=\"heading.default\">\n\t\t\t\t\t<h2 class=\"elementor-heading-title elementor-size-default\">Convocatorias y renovaciones<\/h2>\t\t\t\t<\/div>\n\t\t\t\t<div class=\"elementor-element elementor-element-51483bf elementor-widget elementor-widget-image\" data-id=\"51483bf\" data-element_type=\"widget\" data-e-type=\"widget\" data-widget_type=\"image.default\">\n\t\t\t\t\t\t\t\t\t\t\t\t\t\t\t<img decoding=\"async\" width=\"464\" height=\"3\" src=\"https:\/\/siempreenclase.cundinamarca.gov.co\/secsuperior\/wp-content\/uploads\/2025\/05\/Separador-Cundinamarca.png\" class=\"attachment-large size-large wp-image-12\" alt=\"\" \/>\t\t\t\t\t\t\t\t\t\t\t\t\t\t\t<\/div>\n\t\t<div class=\"elementor-element elementor-element-6135808 e-con-full e-flex e-con e-child\" data-id=\"6135808\" data-element_type=\"container\" data-e-type=\"container\">\n\t\t<div class=\"elementor-element elementor-element-1f79991 e-con-full e-flex e-con e-child\" data-id=\"1f79991\" data-element_type=\"container\" data-e-type=\"container\" data-settings=\"{&quot;background_background&quot;:&quot;classic&quot;}\">\n\t\t\t\t<div class=\"elementor-element elementor-element-ac053a4 elementor-widget elementor-widget-heading\" data-id=\"ac053a4\" data-element_type=\"widget\" data-e-type=\"widget\" data-widget_type=\"heading.default\">\n\t\t\t\t\t<h2 class=\"elementor-heading-title elementor-size-default\">Transformando vidas<\/h2>\t\t\t\t<\/div>\n\t\t\t\t<div class=\"elementor-element elementor-element-7b853f9 elementor-widget elementor-widget-image\" data-id=\"7b853f9\" data-element_type=\"widget\" data-e-type=\"widget\" data-widget_type=\"image.default\">\n\t\t\t\t\t\t\t\t\t\t\t\t\t\t\t<img fetchpriority=\"high\" decoding=\"async\" width=\"800\" height=\"519\" src=\"https:\/\/siempreenclase.cundinamarca.gov.co\/secsuperior\/wp-content\/uploads\/2025\/06\/Transformando-vidas.png\" class=\"attachment-large size-large wp-image-538\" alt=\"\" \/>\t\t\t\t\t\t\t\t\t\t\t\t\t\t\t<\/div>\n\t\t\t\t<div class=\"elementor-element elementor-element-1a9d699 elementor-widget elementor-widget-heading\" data-id=\"1a9d699\" data-element_type=\"widget\" data-e-type=\"widget\" data-widget_type=\"heading.default\">\n\t\t\t\t\t<h2 class=\"elementor-heading-title elementor-size-default\"><a href=\"https:\/\/siempreenclase.cundinamarca.gov.co\/secsuperior\/transformando-vidas-acceso-y-permanencia-2024-1\/\">TRANSFORMANDO VIDAS - \nACCESO Y PERMANENCIA 2024-1<\/a><\/h2>\t\t\t\t<\/div>\n\t\t<div class=\"elementor-element elementor-element-f008a92 e-con-full e-flex e-con e-child\" data-id=\"f008a92\" data-element_type=\"container\" data-e-type=\"container\">\n\t\t\t\t<div class=\"elementor-element elementor-element-5a909b6 elementor-widget elementor-widget-heading\" data-id=\"5a909b6\" data-element_type=\"widget\" data-e-type=\"widget\" data-widget_type=\"heading.default\">\n\t\t\t\t\t<h2 class=\"elementor-heading-title elementor-size-default\">ESTADO:<\/h2>\t\t\t\t<\/div>\n\t\t\t\t<div class=\"elementor-element elementor-element-0191535 elementor-position-inline-start elementor-mobile-position-inline-start elementor-view-default elementor-widget elementor-widget-icon-box\" data-id=\"0191535\" data-element_type=\"widget\" data-e-type=\"widget\" data-widget_type=\"icon-box.default\">\n\t\t\t\t\t\t\t<div class=\"elementor-icon-box-wrapper\">\n\n\t\t\t\t\t\t<div class=\"elementor-icon-box-icon\">\n\t\t\t\t<span  class=\"elementor-icon\">\n\t\t\t\t<svg aria-hidden=\"true\" class=\"e-font-icon-svg e-fas-dot-circle\" viewBox=\"0 0 512 512\" xmlns=\"http:\/\/www.w3.org\/2000\/svg\"><path d=\"M256 8C119.033 8 8 119.033 8 256s111.033 248 248 248 248-111.033 248-248S392.967 8 256 8zm80 248c0 44.112-35.888 80-80 80s-80-35.888-80-80 35.888-80 80-80 80 35.888 80 80z\"><\/path><\/svg>\t\t\t\t<\/span>\n\t\t\t<\/div>\n\t\t\t\n\t\t\t\t\t\t<div class=\"elementor-icon-box-content\">\n\n\t\t\t\t\t\t\t\t\t<h3 class=\"elementor-icon-box-title\">\n\t\t\t\t\t\t<span  >\n\t\t\t\t\t\t\tCERRADA\t\t\t\t\t\t<\/span>\n\t\t\t\t\t<\/h3>\n\t\t\t\t\n\t\t\t\t\n\t\t\t<\/div>\n\t\t\t\n\t\t<\/div>\n\t\t\t\t\t\t<\/div>\n\t\t\t\t<\/div>\n\t\t\t\t<div class=\"elementor-element elementor-element-2b44fe7 elementor-widget elementor-widget-text-editor\" data-id=\"2b44fe7\" data-element_type=\"widget\" data-e-type=\"widget\" data-widget_type=\"text-editor.default\">\n\t\t\t\t\t\t\t\t\t<p>\u00bfQuieres ser beneficiario del Fondo \u201cTransformando Vidas\u201d? Inscr\u00edbete y accede a un cr\u00e9dito condonable que te permitir\u00e1 estudiar educaci\u00f3n superior de calidad. Aprovecha esta oportunidad y transforma tu futuro con conocimiento.<\/p>\t\t\t\t\t\t\t\t<\/div>\n\t\t\t\t<div class=\"elementor-element elementor-element-03f28e7 elementor-align-justify elementor-widget elementor-widget-button\" data-id=\"03f28e7\" data-element_type=\"widget\" data-e-type=\"widget\" data-widget_type=\"button.default\">\n\t\t\t\t\t\t\t\t\t\t<a class=\"elementor-button elementor-button-link elementor-size-sm\" href=\"https:\/\/siempreenclase.cundinamarca.gov.co\/secsuperior\/transformando-vidas-acceso-y-permanencia-2024-1\/\">\n\t\t\t\t\t\t<span class=\"elementor-button-content-wrapper\">\n\t\t\t\t\t\t\t\t\t<span class=\"elementor-button-text\">Ver m\u00e1s<\/span>\n\t\t\t\t\t<\/span>\n\t\t\t\t\t<\/a>\n\t\t\t\t\t\t\t\t<\/div>\n\t\t\t\t<\/div>\n\t\t<div class=\"elementor-element elementor-element-af3f418 e-con-full e-flex e-con e-child\" data-id=\"af3f418\" data-element_type=\"container\" data-e-type=\"container\" data-settings=\"{&quot;background_background&quot;:&quot;classic&quot;}\">\n\t\t\t\t<div class=\"elementor-element elementor-element-a243fa0 elementor-widget elementor-widget-heading\" data-id=\"a243fa0\" data-element_type=\"widget\" data-e-type=\"widget\" data-widget_type=\"heading.default\">\n\t\t\t\t\t<h2 class=\"elementor-heading-title elementor-size-default\">Transformando vidas<\/h2>\t\t\t\t<\/div>\n\t\t\t\t<div class=\"elementor-element elementor-element-69ffcec elementor-widget elementor-widget-image\" data-id=\"69ffcec\" data-element_type=\"widget\" data-e-type=\"widget\" data-widget_type=\"image.default\">\n\t\t\t\t\t\t\t\t\t\t\t\t\t\t\t<img fetchpriority=\"high\" decoding=\"async\" width=\"800\" height=\"519\" src=\"https:\/\/siempreenclase.cundinamarca.gov.co\/secsuperior\/wp-content\/uploads\/2025\/06\/Transformando-vidas.png\" class=\"attachment-large size-large wp-image-538\" alt=\"\" \/>\t\t\t\t\t\t\t\t\t\t\t\t\t\t\t<\/div>\n\t\t\t\t<div class=\"elementor-element elementor-element-c83c5a0 elementor-widget elementor-widget-heading\" data-id=\"c83c5a0\" data-element_type=\"widget\" data-e-type=\"widget\" data-widget_type=\"heading.default\">\n\t\t\t\t\t<h2 class=\"elementor-heading-title elementor-size-default\"><a href=\"https:\/\/siempreenclase.cundinamarca.gov.co\/secsuperior\/transformando-vidas-acceso-y-permanencia-2024-2\">TRANSFORMANDO VIDAS - \nACCESO Y PERMANENCIA 2024-2<\/a><\/h2>\t\t\t\t<\/div>\n\t\t<div class=\"elementor-element elementor-element-dbc4b0f e-con-full e-flex e-con e-child\" data-id=\"dbc4b0f\" data-element_type=\"container\" data-e-type=\"container\">\n\t\t\t\t<div class=\"elementor-element elementor-element-414384a elementor-widget elementor-widget-heading\" data-id=\"414384a\" data-element_type=\"widget\" data-e-type=\"widget\" data-widget_type=\"heading.default\">\n\t\t\t\t\t<h2 class=\"elementor-heading-title elementor-size-default\">ESTADO:<\/h2>\t\t\t\t<\/div>\n\t\t\t\t<div class=\"elementor-element elementor-element-b99c1a4 elementor-position-inline-start elementor-mobile-position-inline-start elementor-view-default elementor-widget elementor-widget-icon-box\" data-id=\"b99c1a4\" data-element_type=\"widget\" data-e-type=\"widget\" data-widget_type=\"icon-box.default\">\n\t\t\t\t\t\t\t<div class=\"elementor-icon-box-wrapper\">\n\n\t\t\t\t\t\t<div class=\"elementor-icon-box-icon\">\n\t\t\t\t<span  class=\"elementor-icon\">\n\t\t\t\t<svg aria-hidden=\"true\" class=\"e-font-icon-svg e-fas-dot-circle\" viewBox=\"0 0 512 512\" xmlns=\"http:\/\/www.w3.org\/2000\/svg\"><path d=\"M256 8C119.033 8 8 119.033 8 256s111.033 248 248 248 248-111.033 248-248S392.967 8 256 8zm80 248c0 44.112-35.888 80-80 80s-80-35.888-80-80 35.888-80 80-80 80 35.888 80 80z\"><\/path><\/svg>\t\t\t\t<\/span>\n\t\t\t<\/div>\n\t\t\t\n\t\t\t\t\t\t<div class=\"elementor-icon-box-content\">\n\n\t\t\t\t\t\t\t\t\t<h3 class=\"elementor-icon-box-title\">\n\t\t\t\t\t\t<span  >\n\t\t\t\t\t\t\tCERRADA\t\t\t\t\t\t<\/span>\n\t\t\t\t\t<\/h3>\n\t\t\t\t\n\t\t\t\t\n\t\t\t<\/div>\n\t\t\t\n\t\t<\/div>\n\t\t\t\t\t\t<\/div>\n\t\t\t\t<\/div>\n\t\t\t\t<div class=\"elementor-element elementor-element-1342952 elementor-widget elementor-widget-text-editor\" data-id=\"1342952\" data-element_type=\"widget\" data-e-type=\"widget\" data-widget_type=\"text-editor.default\">\n\t\t\t\t\t\t\t\t\t<p>\u00bfQuieres ser beneficiario del Fondo \u201cTransformando Vidas\u201d? Inscr\u00edbete y accede a un cr\u00e9dito condonable que te permitir\u00e1 estudiar educaci\u00f3n superior de calidad. Aprovecha esta oportunidad y transforma tu futuro con conocimiento.<\/p>\t\t\t\t\t\t\t\t<\/div>\n\t\t\t\t<div class=\"elementor-element elementor-element-4f0b119 elementor-align-justify elementor-widget elementor-widget-button\" data-id=\"4f0b119\" data-element_type=\"widget\" data-e-type=\"widget\" data-widget_type=\"button.default\">\n\t\t\t\t\t\t\t\t\t\t<a class=\"elementor-button elementor-button-link elementor-size-sm\" href=\"https:\/\/siempreenclase.cundinamarca.gov.co\/secsuperior\/transformando-vidas-acceso-y-permanencia-2024-2\">\n\t\t\t\t\t\t<span class=\"elementor-button-content-wrapper\">\n\t\t\t\t\t\t\t\t\t<span class=\"elementor-button-text\">Ver m\u00e1s<\/span>\n\t\t\t\t\t<\/span>\n\t\t\t\t\t<\/a>\n\t\t\t\t\t\t\t\t<\/div>\n\t\t\t\t<\/div>\n\t\t<div class=\"elementor-element elementor-element-89d5197 e-con-full e-flex e-con e-child\" data-id=\"89d5197\" data-element_type=\"container\" data-e-type=\"container\" data-settings=\"{&quot;background_background&quot;:&quot;classic&quot;}\">\n\t\t\t\t<div class=\"elementor-element elementor-element-719304f elementor-widget elementor-widget-heading\" data-id=\"719304f\" data-element_type=\"widget\" data-e-type=\"widget\" data-widget_type=\"heading.default\">\n\t\t\t\t\t<h2 class=\"elementor-heading-title elementor-size-default\">Transformando vidas<\/h2>\t\t\t\t<\/div>\n\t\t\t\t<div class=\"elementor-element elementor-element-4ea1bf6 elementor-widget elementor-widget-image\" data-id=\"4ea1bf6\" data-element_type=\"widget\" data-e-type=\"widget\" data-widget_type=\"image.default\">\n\t\t\t\t\t\t\t\t\t\t\t\t\t\t\t<img fetchpriority=\"high\" decoding=\"async\" width=\"800\" height=\"519\" src=\"https:\/\/siempreenclase.cundinamarca.gov.co\/secsuperior\/wp-content\/uploads\/2025\/06\/Transformando-vidas.png\" class=\"attachment-large size-large wp-image-538\" alt=\"\" \/>\t\t\t\t\t\t\t\t\t\t\t\t\t\t\t<\/div>\n\t\t\t\t<div class=\"elementor-element elementor-element-748a789 elementor-widget elementor-widget-heading\" data-id=\"748a789\" data-element_type=\"widget\" data-e-type=\"widget\" data-widget_type=\"heading.default\">\n\t\t\t\t\t<h2 class=\"elementor-heading-title elementor-size-default\"><a href=\"https:\/\/siempreenclase.cundinamarca.gov.co\/secsuperior\/transformando-vidas-renovacion-acceso-2025\/\">Transformando Vidas - Renovaci\u00f3n\u00a0acceso 2025-1<\/a><\/h2>\t\t\t\t<\/div>\n\t\t<div class=\"elementor-element elementor-element-af42ab2 e-con-full e-flex e-con e-child\" data-id=\"af42ab2\" data-element_type=\"container\" data-e-type=\"container\">\n\t\t\t\t<div class=\"elementor-element elementor-element-ba6fdac elementor-widget elementor-widget-heading\" data-id=\"ba6fdac\" data-element_type=\"widget\" data-e-type=\"widget\" data-widget_type=\"heading.default\">\n\t\t\t\t\t<h2 class=\"elementor-heading-title elementor-size-default\">ESTADO:<\/h2>\t\t\t\t<\/div>\n\t\t\t\t<div class=\"elementor-element elementor-element-926a810 elementor-position-inline-start elementor-mobile-position-inline-start elementor-view-default elementor-widget elementor-widget-icon-box\" data-id=\"926a810\" data-element_type=\"widget\" data-e-type=\"widget\" data-widget_type=\"icon-box.default\">\n\t\t\t\t\t\t\t<div class=\"elementor-icon-box-wrapper\">\n\n\t\t\t\t\t\t<div class=\"elementor-icon-box-icon\">\n\t\t\t\t<span  class=\"elementor-icon\">\n\t\t\t\t<svg aria-hidden=\"true\" class=\"e-font-icon-svg e-fas-dot-circle\" viewBox=\"0 0 512 512\" xmlns=\"http:\/\/www.w3.org\/2000\/svg\"><path d=\"M256 8C119.033 8 8 119.033 8 256s111.033 248 248 248 248-111.033 248-248S392.967 8 256 8zm80 248c0 44.112-35.888 80-80 80s-80-35.888-80-80 35.888-80 80-80 80 35.888 80 80z\"><\/path><\/svg>\t\t\t\t<\/span>\n\t\t\t<\/div>\n\t\t\t\n\t\t\t\t\t\t<div class=\"elementor-icon-box-content\">\n\n\t\t\t\t\t\t\t\t\t<h3 class=\"elementor-icon-box-title\">\n\t\t\t\t\t\t<span  >\n\t\t\t\t\t\t\tCERRADA\t\t\t\t\t\t<\/span>\n\t\t\t\t\t<\/h3>\n\t\t\t\t\n\t\t\t\t\n\t\t\t<\/div>\n\t\t\t\n\t\t<\/div>\n\t\t\t\t\t\t<\/div>\n\t\t\t\t<\/div>\n\t\t\t\t<div class=\"elementor-element elementor-element-c5b57bd elementor-widget elementor-widget-text-editor\" data-id=\"c5b57bd\" data-element_type=\"widget\" data-e-type=\"widget\" data-widget_type=\"text-editor.default\">\n\t\t\t\t\t\t\t\t\t<p><strong>Inscripciones:<\/strong> 10 de junio al 14 de julio de 2025<\/p>\t\t\t\t\t\t\t\t<\/div>\n\t\t\t\t<div class=\"elementor-element elementor-element-3540f2c elementor-widget elementor-widget-text-editor\" data-id=\"3540f2c\" data-element_type=\"widget\" data-e-type=\"widget\" data-widget_type=\"text-editor.default\">\n\t\t\t\t\t\t\t\t\t<p>\u00bfYa eres beneficiario del Fondo? Renueva tu cr\u00e9dito condonable antes de cada periodo acad\u00e9mico. Mant\u00e9n tu promedio y contin\u00faa transformando tu vida con educaci\u00f3n superior de calidad.<\/p>\t\t\t\t\t\t\t\t<\/div>\n\t\t\t\t<div class=\"elementor-element elementor-element-a9eda2b elementor-align-justify elementor-widget elementor-widget-button\" data-id=\"a9eda2b\" data-element_type=\"widget\" data-e-type=\"widget\" data-widget_type=\"button.default\">\n\t\t\t\t\t\t\t\t\t\t<a class=\"elementor-button elementor-button-link elementor-size-sm\" href=\"https:\/\/siempreenclase.cundinamarca.gov.co\/secsuperior\/transformando-vidas-renovacion-acceso-2025\/\">\n\t\t\t\t\t\t<span class=\"elementor-button-content-wrapper\">\n\t\t\t\t\t\t\t\t\t<span class=\"elementor-button-text\">Ver m\u00e1s<\/span>\n\t\t\t\t\t<\/span>\n\t\t\t\t\t<\/a>\n\t\t\t\t\t\t\t\t<\/div>\n\t\t\t\t<\/div>\n\t\t\t\t<\/div>\n\t\t\t\t<\/div>\n\t\t\t\t\t<\/div>\n\t\t\t\t<\/div>\n\t\t\t\t<\/div>\n\t\t","protected":false},"excerpt":{"rendered":"<p>Convocatorias y renovaciones Transformando vidas TRANSFORMANDO VIDAS &#8211; ACCESO Y PERMANENCIA 2024-1 ESTADO: CERRADA \u00bfQuieres ser beneficiario del Fondo \u201cTransformando Vidas\u201d? Inscr\u00edbete y accede a un cr\u00e9dito condonable que te permitir\u00e1 estudiar educaci\u00f3n superior de calidad. Aprovecha esta oportunidad y transforma tu futuro con conocimiento. Ver m\u00e1s Transformando vidas TRANSFORMANDO VIDAS &#8211; ACCESO Y PERMANENCIA [&hellip;]<\/p>\n","protected":false},"author":2,"featured_media":0,"parent":1003,"menu_order":0,"comment_status":"closed","ping_status":"closed","template":"elementor_header_footer","meta":{"footnotes":""},"class_list":["post-1019","page","type-page","status-publish","hentry"],"_links":{"self":[{"href":"https:\/\/siempreenclase.cundinamarca.gov.co\/secsuperior\/wp-json\/wp\/v2\/pages\/1019","targetHints":{"allow":["GET"]}}],"collection":[{"href":"https:\/\/siempreenclase.cundinamarca.gov.co\/secsuperior\/wp-json\/wp\/v2\/pages"}],"about":[{"href":"https:\/\/siempreenclase.cundinamarca.gov.co\/secsuperior\/wp-json\/wp\/v2\/types\/page"}],"author":[{"embeddable":true,"href":"https:\/\/siempreenclase.cundinamarca.gov.co\/secsuperior\/wp-json\/wp\/v2\/users\/2"}],"replies":[{"embeddable":true,"href":"https:\/\/siempreenclase.cundinamarca.gov.co\/secsuperior\/wp-json\/wp\/v2\/comments?post=1019"}],"version-history":[{"count":31,"href":"https:\/\/siempreenclase.cundinamarca.gov.co\/secsuperior\/wp-json\/wp\/v2\/pages\/1019\/revisions"}],"predecessor-version":[{"id":1381,"href":"https:\/\/siempreenclase.cundinamarca.gov.co\/secsuperior\/wp-json\/wp\/v2\/pages\/1019\/revisions\/1381"}],"up":[{"embeddable":true,"href":"https:\/\/siempreenclase.cundinamarca.gov.co\/secsuperior\/wp-json\/wp\/v2\/pages\/1003"}],"wp:attachment":[{"href":"https:\/\/siempreenclase.cundinamarca.gov.co\/secsuperior\/wp-json\/wp\/v2\/media?parent=1019"}],"curies":[{"name":"wp","href":"https:\/\/api.w.org\/{rel}","templated":true}]}}