{"id":1471,"date":"2026-02-13T10:49:08","date_gmt":"2026-02-13T15:49:08","guid":{"rendered":"https:\/\/siempreenclase.cundinamarca.gov.co\/secsuperior\/?page_id=1471"},"modified":"2026-02-13T12:53:59","modified_gmt":"2026-02-13T17:53:59","slug":"historico-de-comunicados","status":"publish","type":"page","link":"https:\/\/siempreenclase.cundinamarca.gov.co\/secsuperior\/fondos-y-alianzas\/historico-de-comunicados\/","title":{"rendered":"Hist\u00f3rico de comunicados"},"content":{"rendered":"\t\t<div data-elementor-type=\"wp-page\" data-elementor-id=\"1471\" class=\"elementor elementor-1471\" data-elementor-post-type=\"page\">\n\t\t\t\t<div class=\"elementor-element elementor-element-3de8107 e-flex e-con-boxed e-con e-parent\" data-id=\"3de8107\" data-element_type=\"container\" data-e-type=\"container\" data-settings=\"{&quot;background_background&quot;:&quot;classic&quot;}\">\n\t\t\t\t\t<div class=\"e-con-inner\">\n\t\t<div class=\"elementor-element elementor-element-2f93233 e-con-full e-flex e-con e-child\" data-id=\"2f93233\" data-element_type=\"container\" data-e-type=\"container\">\n\t\t\t\t<div class=\"elementor-element elementor-element-452fdc9 elementor-widget elementor-widget-heading\" data-id=\"452fdc9\" data-element_type=\"widget\" data-e-type=\"widget\" data-widget_type=\"heading.default\">\n\t\t\t\t\t<h2 class=\"elementor-heading-title elementor-size-default\">Home &gt; Fondos y Alianzas &gt; Historico de comunicados<\/h2>\t\t\t\t<\/div>\n\t\t\t\t<div class=\"elementor-element elementor-element-e32d475 elementor-widget elementor-widget-heading\" data-id=\"e32d475\" data-element_type=\"widget\" data-e-type=\"widget\" data-widget_type=\"heading.default\">\n\t\t\t\t\t<h2 class=\"elementor-heading-title elementor-size-default\">Historico de comunicados<\/h2>\t\t\t\t<\/div>\n\t\t\t\t<\/div>\n\t\t\t\t\t<\/div>\n\t\t\t\t<\/div>\n\t\t<div class=\"elementor-element elementor-element-5f7d877 e-flex e-con-boxed e-con e-parent\" data-id=\"5f7d877\" data-element_type=\"container\" data-e-type=\"container\">\n\t\t\t\t\t<div class=\"e-con-inner\">\n\t\t\t\t<div class=\"elementor-element elementor-element-7173476 elementor-widget elementor-widget-image\" data-id=\"7173476\" data-element_type=\"widget\" data-e-type=\"widget\" data-widget_type=\"image.default\">\n\t\t\t\t\t\t\t\t\t\t\t\t\t\t\t<img decoding=\"async\" width=\"464\" height=\"3\" src=\"https:\/\/siempreenclase.cundinamarca.gov.co\/secsuperior\/wp-content\/uploads\/2025\/05\/Separador-Cundinamarca.png\" class=\"attachment-large size-large wp-image-12\" alt=\"\" \/>\t\t\t\t\t\t\t\t\t\t\t\t\t\t\t<\/div>\n\t\t\t\t<div class=\"elementor-element elementor-element-d994ebb elementor-widget elementor-widget-n-accordion\" data-id=\"d994ebb\" data-element_type=\"widget\" data-e-type=\"widget\" data-settings=\"{&quot;default_state&quot;:&quot;all_collapsed&quot;,&quot;max_items_expended&quot;:&quot;one&quot;,&quot;n_accordion_animation_duration&quot;:{&quot;unit&quot;:&quot;ms&quot;,&quot;size&quot;:400,&quot;sizes&quot;:[]}}\" data-widget_type=\"nested-accordion.default\">\n\t\t\t\t\t\t\t<div class=\"e-n-accordion\" aria-label=\"Accordion. Open links with Enter or Space, close with Escape, and navigate with Arrow Keys\">\n\t\t\t\t\t\t<details id=\"e-n-accordion-item-2280\" class=\"e-n-accordion-item\" >\n\t\t\t\t<summary class=\"e-n-accordion-item-title\" data-accordion-index=\"1\" tabindex=\"0\" aria-expanded=\"false\" aria-controls=\"e-n-accordion-item-2280\" >\n\t\t\t\t\t<span class='e-n-accordion-item-title-header'><div class=\"e-n-accordion-item-title-text\"> Fondo Transformando Vidas <\/div><\/span>\n\t\t\t\t\t\t\t<span class='e-n-accordion-item-title-icon'>\n\t\t\t<span class='e-opened' ><svg aria-hidden=\"true\" class=\"e-font-icon-svg e-fas-minus\" viewBox=\"0 0 448 512\" xmlns=\"http:\/\/www.w3.org\/2000\/svg\"><path d=\"M416 208H32c-17.67 0-32 14.33-32 32v32c0 17.67 14.33 32 32 32h384c17.67 0 32-14.33 32-32v-32c0-17.67-14.33-32-32-32z\"><\/path><\/svg><\/span>\n\t\t\t<span class='e-closed'><svg aria-hidden=\"true\" class=\"e-font-icon-svg e-fas-plus\" viewBox=\"0 0 448 512\" xmlns=\"http:\/\/www.w3.org\/2000\/svg\"><path d=\"M416 208H272V64c0-17.67-14.33-32-32-32h-32c-17.67 0-32 14.33-32 32v144H32c-17.67 0-32 14.33-32 32v32c0 17.67 14.33 32 32 32h144v144c0 17.67 14.33 32 32 32h32c17.67 0 32-14.33 32-32V304h144c17.67 0 32-14.33 32-32v-32c0-17.67-14.33-32-32-32z\"><\/path><\/svg><\/span>\n\t\t<\/span>\n\n\t\t\t\t\t\t<\/summary>\n\t\t\t\t<div role=\"region\" aria-labelledby=\"e-n-accordion-item-2280\" class=\"elementor-element elementor-element-c4f69e2 e-con-full e-flex e-con e-child\" data-id=\"c4f69e2\" data-element_type=\"container\" data-e-type=\"container\">\n\t\t\t\t<div class=\"elementor-element elementor-element-76ac794 elementor-align-justify elementor-widget elementor-widget-button\" data-id=\"76ac794\" data-element_type=\"widget\" data-e-type=\"widget\" data-widget_type=\"button.default\">\n\t\t\t\t\t\t\t\t\t\t<a class=\"elementor-button elementor-button-link elementor-size-sm\" href=\"https:\/\/siempreenclase.cundinamarca.gov.co\/secsuperior\/wp-content\/uploads\/2025\/06\/COMUNICADOAMPLIACIONCRONOGRAMARENOVACIONPERIODO2024-1.pdf\" target=\"_blank\">\n\t\t\t\t\t\t<span class=\"elementor-button-content-wrapper\">\n\t\t\t\t\t\t\t\t\t<span class=\"elementor-button-text\">Comunicado ampliaci\u00f3n cronograma acceso 2024-1.<\/span>\n\t\t\t\t\t<\/span>\n\t\t\t\t\t<\/a>\n\t\t\t\t\t\t\t\t<\/div>\n\t\t\t\t<div class=\"elementor-element elementor-element-1a4dc0f elementor-align-justify elementor-widget elementor-widget-button\" data-id=\"1a4dc0f\" data-element_type=\"widget\" data-e-type=\"widget\" data-widget_type=\"button.default\">\n\t\t\t\t\t\t\t\t\t\t<a class=\"elementor-button elementor-button-link elementor-size-sm\" href=\"https:\/\/siempreenclase.cundinamarca.gov.co\/secsuperior\/wp-content\/uploads\/2025\/06\/COMUNICADORENOVACIONFONDOTRANSFORMANDOVIDAS2024-1.pdf\" target=\"_blank\">\n\t\t\t\t\t\t<span class=\"elementor-button-content-wrapper\">\n\t\t\t\t\t\t\t\t\t<span class=\"elementor-button-text\">Comunicado renovaci\u00f3n acceso 2024-1<\/span>\n\t\t\t\t\t<\/span>\n\t\t\t\t\t<\/a>\n\t\t\t\t\t\t\t\t<\/div>\n\t\t\t\t<div class=\"elementor-element elementor-element-e604db8 elementor-align-justify elementor-widget elementor-widget-button\" data-id=\"e604db8\" data-element_type=\"widget\" data-e-type=\"widget\" data-widget_type=\"button.default\">\n\t\t\t\t\t\t\t\t\t\t<a class=\"elementor-button elementor-button-link elementor-size-sm\" href=\"https:\/\/siempreenclase.cundinamarca.gov.co\/secsuperior\/wp-content\/uploads\/2025\/06\/COMUNICADORENOVACIONFONDOTRANSFORMANDOVIDAS2024-2.pdf\" target=\"_blank\">\n\t\t\t\t\t\t<span class=\"elementor-button-content-wrapper\">\n\t\t\t\t\t\t\t\t\t<span class=\"elementor-button-text\">Comunicado renovaci\u00f3n acceso 2024-2.<\/span>\n\t\t\t\t\t<\/span>\n\t\t\t\t\t<\/a>\n\t\t\t\t\t\t\t\t<\/div>\n\t\t\t\t<div class=\"elementor-element elementor-element-69e055f elementor-align-justify elementor-widget elementor-widget-button\" data-id=\"69e055f\" data-element_type=\"widget\" data-e-type=\"widget\" data-widget_type=\"button.default\">\n\t\t\t\t\t\t\t\t\t\t<a class=\"elementor-button elementor-button-link elementor-size-sm\" href=\"https:\/\/siempreenclase.cundinamarca.gov.co\/secsuperior\/wp-content\/uploads\/2025\/06\/LMSSRCOMUNICADORENOVACIO\u0301NFONDOTRANSFORMANDOVIDAS2025-1.pdf\" target=\"_blank\">\n\t\t\t\t\t\t<span class=\"elementor-button-content-wrapper\">\n\t\t\t\t\t\t\t\t\t<span class=\"elementor-button-text\">Comunicado renovaci\u00f3n acceso 2025-1.<\/span>\n\t\t\t\t\t<\/span>\n\t\t\t\t\t<\/a>\n\t\t\t\t\t\t\t\t<\/div>\n\t\t\t\t<div class=\"elementor-element elementor-element-545358d elementor-align-justify elementor-widget elementor-widget-button\" data-id=\"545358d\" data-element_type=\"widget\" data-e-type=\"widget\" data-widget_type=\"button.default\">\n\t\t\t\t\t\t\t\t\t\t<a class=\"elementor-button elementor-button-link elementor-size-sm\" href=\"https:\/\/siempreenclase.cundinamarca.gov.co\/secsuperior\/wp-content\/uploads\/2025\/06\/LMSSR-COMUNICADO-RENOVACIO\u0301N-FONDO-TRANSFORMANDO-VIDAS-2025-2.pdf\" target=\"_blank\">\n\t\t\t\t\t\t<span class=\"elementor-button-content-wrapper\">\n\t\t\t\t\t\t\t\t\t<span class=\"elementor-button-text\">Comunicado renovaci\u00f3n acceso 2025-2.<\/span>\n\t\t\t\t\t<\/span>\n\t\t\t\t\t<\/a>\n\t\t\t\t\t\t\t\t<\/div>\n\t\t\t\t<div class=\"elementor-element elementor-element-c8eba6d elementor-align-justify elementor-widget elementor-widget-button\" data-id=\"c8eba6d\" data-element_type=\"widget\" data-e-type=\"widget\" data-widget_type=\"button.default\">\n\t\t\t\t\t\t\t\t\t\t<a class=\"elementor-button elementor-button-link elementor-size-sm\" href=\"https:\/\/siempreenclase.cundinamarca.gov.co\/secsuperior\/wp-content\/uploads\/2026\/02\/COMUNICADO-DE-RENOVACIONES-2026-1_Firmado-1.pdf\" target=\"_blank\">\n\t\t\t\t\t\t<span class=\"elementor-button-content-wrapper\">\n\t\t\t\t\t\t\t\t\t<span class=\"elementor-button-text\">Comunicado renovaci\u00f3n acceso 2026-1.<\/span>\n\t\t\t\t\t<\/span>\n\t\t\t\t\t<\/a>\n\t\t\t\t\t\t\t\t<\/div>\n\t\t\t\t<div class=\"elementor-element elementor-element-05de3c6 elementor-align-justify elementor-widget elementor-widget-button\" data-id=\"05de3c6\" data-element_type=\"widget\" data-e-type=\"widget\" data-widget_type=\"button.default\">\n\t\t\t\t\t\t\t\t\t\t<a class=\"elementor-button elementor-button-link elementor-size-sm\" href=\"https:\/\/siempreenclase.cundinamarca.gov.co\/secsuperior\/wp-content\/uploads\/2025\/06\/LISTADOFINALDEPOSIBLESBENEFICIARIOSCONVOCAORIA2024-1_Publicar.pdf\" target=\"_blank\">\n\t\t\t\t\t\t<span class=\"elementor-button-content-wrapper\">\n\t\t\t\t\t\t\t\t\t<span class=\"elementor-button-text\">Listado final beneficiarios 2024-1.<\/span>\n\t\t\t\t\t<\/span>\n\t\t\t\t\t<\/a>\n\t\t\t\t\t\t\t\t<\/div>\n\t\t\t\t<div class=\"elementor-element elementor-element-e91df38 elementor-align-justify elementor-widget elementor-widget-button\" data-id=\"e91df38\" data-element_type=\"widget\" data-e-type=\"widget\" data-widget_type=\"button.default\">\n\t\t\t\t\t\t\t\t\t\t<a class=\"elementor-button elementor-button-link elementor-size-sm\" href=\"https:\/\/siempreenclase.cundinamarca.gov.co\/secsuperior\/wp-content\/uploads\/2025\/06\/LISTADOFINALDEPOSIBLESBENEFICIARIOSCONVOCAORIA2024-2_AJUSTADO.pdf\" target=\"_blank\">\n\t\t\t\t\t\t<span class=\"elementor-button-content-wrapper\">\n\t\t\t\t\t\t\t\t\t<span class=\"elementor-button-text\">Listado final beneficiarios 2024-2.<\/span>\n\t\t\t\t\t<\/span>\n\t\t\t\t\t<\/a>\n\t\t\t\t\t\t\t\t<\/div>\n\t\t\t\t<div class=\"elementor-element elementor-element-5b4fd48 elementor-align-justify elementor-widget elementor-widget-button\" data-id=\"5b4fd48\" data-element_type=\"widget\" data-e-type=\"widget\" data-widget_type=\"button.default\">\n\t\t\t\t\t\t\t\t\t\t<a class=\"elementor-button elementor-button-link elementor-size-sm\" href=\"https:\/\/siempreenclase.cundinamarca.gov.co\/secsuperior\/wp-content\/uploads\/2025\/06\/LISTADOFINALDEPOSIBLESBENEFICIARIOSCONVOCAORIA2025-1_V2.pdf\" target=\"_blank\">\n\t\t\t\t\t\t<span class=\"elementor-button-content-wrapper\">\n\t\t\t\t\t\t\t\t\t<span class=\"elementor-button-text\">Listado final beneficiarios\u00a02025-1.<\/span>\n\t\t\t\t\t<\/span>\n\t\t\t\t\t<\/a>\n\t\t\t\t\t\t\t\t<\/div>\n\t\t\t\t<\/div>\n\t\t\t\t\t<\/details>\n\t\t\t\t\t<\/div>\n\t\t\t\t\t\t<\/div>\n\t\t\t\t\t<\/div>\n\t\t\t\t<\/div>\n\t\t\t\t<\/div>\n\t\t","protected":false},"excerpt":{"rendered":"<p>Home &gt; Fondos y Alianzas &gt; Historico de comunicados Historico de comunicados Fondo Transformando Vidas Comunicado ampliaci\u00f3n cronograma acceso 2024-1. Comunicado renovaci\u00f3n acceso 2024-1 Comunicado renovaci\u00f3n acceso 2024-2. Comunicado renovaci\u00f3n acceso 2025-1. Comunicado renovaci\u00f3n acceso 2025-2. Comunicado renovaci\u00f3n acceso 2026-1. Listado final beneficiarios 2024-1. Listado final beneficiarios 2024-2. Listado final beneficiarios\u00a02025-1. Comunicado ampliaci\u00f3n cronograma acceso [&hellip;]<\/p>\n","protected":false},"author":1,"featured_media":0,"parent":1003,"menu_order":0,"comment_status":"closed","ping_status":"closed","template":"elementor_header_footer","meta":{"footnotes":""},"class_list":["post-1471","page","type-page","status-publish","hentry"],"_links":{"self":[{"href":"https:\/\/siempreenclase.cundinamarca.gov.co\/secsuperior\/wp-json\/wp\/v2\/pages\/1471","targetHints":{"allow":["GET"]}}],"collection":[{"href":"https:\/\/siempreenclase.cundinamarca.gov.co\/secsuperior\/wp-json\/wp\/v2\/pages"}],"about":[{"href":"https:\/\/siempreenclase.cundinamarca.gov.co\/secsuperior\/wp-json\/wp\/v2\/types\/page"}],"author":[{"embeddable":true,"href":"https:\/\/siempreenclase.cundinamarca.gov.co\/secsuperior\/wp-json\/wp\/v2\/users\/1"}],"replies":[{"embeddable":true,"href":"https:\/\/siempreenclase.cundinamarca.gov.co\/secsuperior\/wp-json\/wp\/v2\/comments?post=1471"}],"version-history":[{"count":13,"href":"https:\/\/siempreenclase.cundinamarca.gov.co\/secsuperior\/wp-json\/wp\/v2\/pages\/1471\/revisions"}],"predecessor-version":[{"id":1521,"href":"https:\/\/siempreenclase.cundinamarca.gov.co\/secsuperior\/wp-json\/wp\/v2\/pages\/1471\/revisions\/1521"}],"up":[{"embeddable":true,"href":"https:\/\/siempreenclase.cundinamarca.gov.co\/secsuperior\/wp-json\/wp\/v2\/pages\/1003"}],"wp:attachment":[{"href":"https:\/\/siempreenclase.cundinamarca.gov.co\/secsuperior\/wp-json\/wp\/v2\/media?parent=1471"}],"curies":[{"name":"wp","href":"https:\/\/api.w.org\/{rel}","templated":true}]}}